{"id":257,"date":"2024-06-14T12:48:53","date_gmt":"2024-06-14T10:48:53","guid":{"rendered":"https:\/\/biomol.es\/politica-privacidad\/"},"modified":"2024-07-10T09:57:13","modified_gmt":"2024-07-10T07:57:13","slug":"politica-privacidad","status":"publish","type":"page","link":"https:\/\/biomol.es\/pt-pt\/politica-privacidad\/","title":{"rendered":"Pol\u00edtica de Privacidade"},"content":{"rendered":"\n<h1 class=\"c-title-1 wp-block-heading\">Pol\u00edtica de Privacidade<\/h1>\n\n\n\n<p>Levamos muito a s\u00e9rio o respeito pela privacidade e a prote\u00e7\u00e3o dos dados pessoais dos nossos utilizadores. A seguir, explicaremos como recolhemos os dados e o tratamento que realizamos sobre os mesmos.<\/p>\n\n\n\n<h2 class=\"c-title-2 wp-block-heading\">Quem \u00e9 o respons\u00e1vel do processamento <strong>dos seus dados pessoais?<\/strong><\/h2>\n\n\n\n<p><strong>Identidade: BIOMOL S.L.<br>NIF: B41533845<br>Sede Social: C\/ Biolog\u00eda n.\u00ba 2, Local 1, CP 41015 \u2013 Sevilha<br>Dados de inscri\u00e7\u00e3o: Registro Mercantil de Sevilha, Volume 1.522, Registo 51, Folha n\u00fam. SE- 6397<br>Telefone: 954335040<br>E-mail: info@biomol.es<br>Atividade: compra e venda de produtos biotecnol\u00f3gicos<br>Web: www.biomol.es<\/strong><strong><\/strong><\/p>\n\n\n\n<h2 class=\"c-title-2 wp-block-heading\">Regulamentos aplic\u00e1veis<\/h2>\n\n\n\n<p><br>Esta Pol\u00edtica de Privacidade foi concebida de acordo com o Regulamento UE 2016\/679 do Parlamento Europeu e do Conselho, de 27 de abril de 2016, relativo \u00e0 Prote\u00e7\u00e3o das Pessoas Singulares no que diz respeito ao processamento de dados pessoais e \u00e0 livre circula\u00e7\u00e3o desses dados , a L.O. 3\/2018, de 5 de dezembro, sobre Prote\u00e7\u00e3o de Dados Pessoais e Garantia de Direitos Digitais e Lei 34\/2002, de 11 de julho, sobre Servi\u00e7os da Sociedade da Informa\u00e7\u00e3o e Com\u00e9rcio Eletr\u00f3nico (LSSICE ou LSSI).<\/p>\n\n\n\n<h2 class=\"c-title-2 wp-block-heading\">Princ\u00edpios que se aplicam \u00e0s informa\u00e7\u00f5es pessoais<\/h2>\n\n\n\n<p><br>Os seguintes princ\u00edpios aplicam-se ao tratamento dos dados pessoais:<\/p>\n\n\n\n<ul class=\"wp-block-list\">\n<li>Princ\u00edpio de licitude, lealdade e transpar\u00eancia: para que os dados pessoais enviados sejam l\u00edcitos, ser\u00e1 necess\u00e1rio o consentimento ou que o tratamento seja necess\u00e1rio para o cumprimento de uma obriga\u00e7\u00e3o legal. Os dados ser\u00e3o fornecidos de forma compreens\u00edvel e acess\u00edvel.<\/li>\n\n\n\n<li>Princ\u00edpio da minimiza\u00e7\u00e3o dos dados: os dados pessoais ser\u00e3o adequados, pertinentes e limitados \u00e0 necessidade para a qual foram recolhidos.<\/li>\n\n\n\n<li>Princ\u00edpio da limita\u00e7\u00e3o do prazo de conserva\u00e7\u00e3o: os dados pessoais ser\u00e3o cancelados quando deixarem de ser \u00fateis para a finalidade para a qual foram recolhidos.<\/li>\n\n\n\n<li>Princ\u00edpio da integridade e confidencialidade: os dados pessoais ser\u00e3o tratados de forma a garantir uma seguran\u00e7a adequada, incluindo a prote\u00e7\u00e3o contra o tratamento n\u00e3o autorizado ou il\u00edcito e contra a perda, destrui\u00e7\u00e3o ou dano acidental, atrav\u00e9s da aplica\u00e7\u00e3o de medidas t\u00e9cnicas ou organizativas adequadas.<\/li>\n<\/ul>\n\n\n\n<h2 class=\"c-title-2 wp-block-heading\">Finalidade do processamento dos dados pessoais<\/h2>\n\n\n\n<p><strong><br><\/strong>O processamento que realizamos sobre os dados pessoais serve para as seguintes finalidades:<\/p>\n\n\n\n<ul class=\"wp-block-list\">\n<li>Atender a sua solicita\u00e7\u00e3o e fornecer-lhe informa\u00e7\u00f5es relacionadas aos servi\u00e7os prestados pela BIOMOL, SL e especificamente relacionadas \u00e0 compra e venda de produtos biotecnol\u00f3gicos. O site possui os seguintes formul\u00e1rios que recolhem dados pessoais:<ul><li>Formul\u00e1rio de contacto: tem como finalidade atender a solicita\u00e7\u00f5es e peti\u00e7\u00f5es de clientes e potenciais clientes. Recolhe os seguintes dados pessoais: nome e e-mail.<\/li><\/ul>\n<ul class=\"wp-block-list\">\n<li>\u00c1rea \u201cregisto de utilizador\u201d: tem como finalidade garantir que os utilizadores registados possam usufruir de informa\u00e7\u00f5es e outras vantagens. S\u00e3o solicitados um nome de utilizador e uma palavra-passe.<\/li>\n<\/ul>\n<\/li>\n\n\n\n<li>Enviar comunica\u00e7\u00f5es comerciais; boletins, promo\u00e7\u00f5es e ofertas especiais e gerir a lista de subscri\u00e7\u00f5es fornecidas pelo utilizador.<\/li>\n\n\n\n<li>Gerir as redes sociais: o tratamento dos dados realizado sobre as pessoas que se tornam seguidores nas redes sociais das p\u00e1ginas oficiais da BIOMOL, SL ser\u00e3o regidos por esta pol\u00edtica de privacidade. Os dados ser\u00e3o processados com a finalidade de administrar corretamente a presen\u00e7a na rede social, informando sobre atividades, produtos ou servi\u00e7os da BIOMOL, SL<\/li>\n\n\n\n<li>No caso de iniciar o processo de contrata\u00e7\u00e3o de qualquer um dos nossos servi\u00e7os, ser\u00e1 solicitado o consentimento posterior para a finalidade correspondente.<\/li>\n<\/ul>\n\n\n\n<h2 class=\"c-title-2 wp-block-heading\">Causa leg\u00edtima do processamento de dados pessoais<\/h2>\n\n\n\n<p><strong><br><\/strong>A base legal para o processamento dos seus dados \u00e9 o consentimento. Ao preencher os formul\u00e1rios correspondentes e marcar a caixa &#8220;aceito a pol\u00edtica de privacidade&#8221; e clicar para enviar os dados, ou ao enviar e-mails para a BIOMOL, SL atrav\u00e9s das contas habilitadas para esse fim, o utilizador declara ter lido e aceite expressamente esta pol\u00edtica de privacidade; dando o seu consentimento inequ\u00edvoco e expresso ao processamento dos seus dados pessoais de acordo com as finalidades e termos aqui expressos. Poder\u00e1 revogar o consentimento dado para o tratamento dos seus dados pessoais a qualquer momento. Tal revoga\u00e7\u00e3o n\u00e3o ser\u00e1 retroativa.<\/p>\n\n\n\n<h2 class=\"c-title-2 wp-block-heading\">Categorias de dados pessoais tratados<\/h2>\n\n\n\n<p><strong><br><\/strong>As categorias de dados que ser\u00e3o tratados para as finalidades indicadas s\u00e3o as seguintes:<\/p>\n\n\n\n<ul class=\"wp-block-list\">\n<li>Dados de identifica\u00e7\u00e3o: nome e apelido, e-mail e telefone.<\/li>\n\n\n\n<li>Outros dados n\u00e3o identificativos obtidos atrav\u00e9s de alguns cookies que s\u00e3o descarregados para o computador do utilizador ao navegar no site.<\/li>\n\n\n\n<li>Nenhum dado especialmente protegido \u00e9 processado.<\/li>\n<\/ul>\n\n\n\n<p>Os dados obrigat\u00f3rios ser\u00e3o distinguidos nos formul\u00e1rios de recolha de informa\u00e7\u00e3o. Se decidir n\u00e3o nos fornecer nenhum desses dados considerados obrigat\u00f3rios, n\u00e3o poderemos cumprir com a finalidade pretendida e o processamento de dados ou a presta\u00e7\u00e3o do servi\u00e7o correspondente n\u00e3o ser\u00e1 realizado.<\/p>\n\n\n\n<p>Garante que os Dados Pessoais que nos fornece s\u00e3o verdadeiros e corretos e ser\u00e1 respons\u00e1vel por nos comunicar qualquer altera\u00e7\u00e3o aos mesmos.<\/p>\n\n\n\n<h2 class=\"c-title-2 wp-block-heading\">Medidas de seguran\u00e7a aplicad<strong>as<\/strong><\/h2>\n\n\n\n<p><strong><br><\/strong>A BIOMOL, SL compromete-se no processamento dos dados pessoais dos utilizadores; a respeitar a sua confidencialidade e a utiliz\u00e1-los dentro da finalidade para a qual foram recolhidos. Como parte do nosso compromisso para garantir a seguran\u00e7a e confidencialidade dos seus dados pessoais, informamos que foram tomadas as medidas t\u00e9cnicas e organizativas necess\u00e1rias para garantir a seguran\u00e7a dos dados pessoais e evitar a sua altera\u00e7\u00e3o, perda, processamento ou acesso n\u00e3o autorizado, tendo em conta o estado da tecnologia, a natureza dos dados armazenados e os riscos a que est\u00e3o expostos. Todavia o acima exposto, o utilizador deve estar ciente de que as medidas de seguran\u00e7a da Internet n\u00e3o s\u00e3o inexpugn\u00e1veis.<\/p>\n\n\n\n<p>Em rela\u00e7\u00e3o \u00e0 confidencialidade do processamento; ser\u00e1 assegurado que qualquer pessoa que esteja autorizada a processar os dados (pessoal, colaboradores e prestadores) esteja sob a devida obriga\u00e7\u00e3o de confidencialidade. Pode obter mais informa\u00e7\u00f5es sobre as medidas de seguran\u00e7a que aplicamos contactando-nos atrav\u00e9s dos dados indicados no primeiro par\u00e1grafo desta pol\u00edtica de privacidade.<\/p>\n\n\n\n<h2 class=\"c-title-2 wp-block-heading\">Per\u00edodo de conserva\u00e7\u00e3o dos dados<\/h2>\n\n\n\n<p><strong><br><\/strong>Os dados pessoais ser\u00e3o mantidos pelo tempo necess\u00e1rio para responder \u00e0 solicita\u00e7\u00e3o ou, em geral, pela dura\u00e7\u00e3o da rela\u00e7\u00e3o comercial ou pelo tempo necess\u00e1rio para cumprir as obriga\u00e7\u00f5es legais.<\/p>\n\n\n\n<h2 class=\"c-title-2 wp-block-heading\">Destinat\u00e1rios a quem os dados s\u00e3o comunicados<\/h2>\n\n\n\n<p><strong><br><\/strong>O utilizador conhece e aceita que os seus dados pessoais poder\u00e3o ser fornecidos a terceiros quando necess\u00e1rio para cumprir as finalidades do processamento, respeitando em todos os casos as medidas de seguran\u00e7a exigidas pela legisla\u00e7\u00e3o vigente na mat\u00e9ria de prote\u00e7\u00e3o de dados pessoais. A BIOMOL, SL compartilha dados com os seguintes prestadores sob suas condi\u00e7\u00f5es de privacidade correspondentes:<\/p>\n\n\n\n<ul class=\"wp-block-list\">\n<li>EPLUS CONSULTORES SL (B86383361); com sede em C) POETA JOAN MARAGALL, 1 PTA, 15, 28020, Madrid; entidade que presta o servi\u00e7o de CONSULTORIA LABORAL, FISCAL e CONTABIL\u00cdSTICA<\/li>\n\n\n\n<li>CONSULTORIA INFORM\u00c1TICA ACOFI SL (B41911702); com sede em C) LEONARDO DA VINCI, 18, PLANTA, 41092, SEVILHA; entidade que presta servi\u00e7o de MANUTEN\u00c7\u00c3O T\u00c9CNICA INFORM\u00c1TICA<\/li>\n<\/ul>\n\n\n\n<p>O contrato correspondente para a encomenda do processamento foi assinado conforme exigido pela legisla\u00e7\u00e3o aplic\u00e1vel. Os dados n\u00e3o ser\u00e3o transmitidos a terceiros, a menos que expressamente autorizado ou legalmente exigido.<\/p>\n\n\n\n<h2 class=\"c-title-2 wp-block-heading\">Direitos do Utilizador<\/h2>\n\n\n\n<p><strong><br><\/strong>O Utilizador tem os seguintes direitos em rela\u00e7\u00e3o ao processamento dos seus dados pessoais:<\/p>\n\n\n\n<ul class=\"wp-block-list\">\n<li>Direito de acesso aos seus dados pessoais.<\/li>\n\n\n\n<li>Direito \u00e0 retifica\u00e7\u00e3o de dados imprecisos.<\/li>\n\n\n\n<li>Direito de supress\u00e3o dos dados que j\u00e1 n\u00e3o sejam necess\u00e1rios para os fins para os quais foram recolhidos.<\/li>\n\n\n\n<li>Direito de limitar o processamento de dados para uma determinada finalidade.<\/li>\n\n\n\n<li>Direito de portabilidade dos dados.<\/li>\n\n\n\n<li>Direito de se opor ao processamento dos dados pessoais.<\/li>\n\n\n\n<li>Direito de apresentar uma reclama\u00e7\u00e3o \u00e0 Ag\u00eancia Espanhola de Prote\u00e7\u00e3o de Dados (autoridade supervisora de Prote\u00e7\u00e3o de Dados competente), especialmente quando n\u00e3o obteve satisfa\u00e7\u00e3o no exerc\u00edcio dos seus direitos.<\/li>\n<\/ul>\n\n\n\n<p>Poder\u00e1 exercer os seus direitos enviando uma solicita\u00e7\u00e3o acompanhada de uma c\u00f3pia do seu documento de identifica\u00e7\u00e3o para o endere\u00e7o indicado no primeiro par\u00e1grafo ou para o endere\u00e7o de e-mail info@biomol.es<\/p>\n\n\n\n<h2 class=\"c-title-2 wp-block-heading\">Altera\u00e7\u00f5es \u00e0 Pol\u00edtica de Privacidade<\/h2>\n\n\n\n<p><strong><br><\/strong>&nbsp;A BIOMOL, SL poder\u00e1 modificar esta pol\u00edtica de privacidade para adapt\u00e1-la \u00e0 nova legisla\u00e7\u00e3o, jurisprud\u00eancia ou interpreta\u00e7\u00e3o da Ag\u00eancia Espanhola de Prote\u00e7\u00e3o de Dados. Estas condi\u00e7\u00f5es de privacidade poder\u00e3o ser complementadas pelo Aviso Legal, Pol\u00edtica de Cookies e as Condi\u00e7\u00f5es Gerais que, se for caso disso, s\u00e3o recolhidos para determinados produtos ou servi\u00e7os, se tal acesso envolver qualquer especialidade na prote\u00e7\u00e3o de dados pessoais.<\/p>\n\n\n\n<p><\/p>\n","protected":false},"excerpt":{"rendered":"<p>Pol\u00edtica de Privacidade Levamos muito a s\u00e9rio o respeito pela privacidade e a prote\u00e7\u00e3o dos dados pessoais dos nossos utilizadores. A seguir, explicaremos como recolhemos os dados e o tratamento que realizamos sobre os mesmos. Quem \u00e9 o respons\u00e1vel do processamento dos seus dados pessoais? Identidade: BIOMOL S.L.NIF: B41533845Sede Social: C\/ Biolog\u00eda n.\u00ba 2, Local &hellip;<\/p>\n","protected":false},"author":12,"featured_media":0,"parent":0,"menu_order":0,"comment_status":"closed","ping_status":"open","template":"","meta":{"_acf_changed":false,"inline_featured_image":false,"footnotes":""},"class_list":["post-257","page","type-page","status-publish","hentry"],"acf":[],"yoast_head":"<!-- This site is optimized with the Yoast SEO plugin v26.9 - https:\/\/yoast.com\/product\/yoast-seo-wordpress\/ -->\n<title>Pol\u00edtica de Privacidade - Biomol<\/title>\n<meta name=\"robots\" content=\"index, follow, max-snippet:-1, max-image-preview:large, max-video-preview:-1\" \/>\n<link rel=\"canonical\" href=\"https:\/\/biomol.es\/pt-pt\/politica-privacidad\/\" \/>\n<meta property=\"og:locale\" content=\"pt_PT\" \/>\n<meta property=\"og:type\" content=\"article\" \/>\n<meta property=\"og:title\" content=\"Pol\u00edtica de Privacidade - Biomol\" \/>\n<meta property=\"og:description\" content=\"Pol\u00edtica de Privacidade Levamos muito a s\u00e9rio o respeito pela privacidade e a prote\u00e7\u00e3o dos dados pessoais dos nossos utilizadores. A seguir, explicaremos como recolhemos os dados e o tratamento que realizamos sobre os mesmos. Quem \u00e9 o respons\u00e1vel do processamento dos seus dados pessoais? Identidade: BIOMOL S.L.NIF: B41533845Sede Social: C\/ Biolog\u00eda n.\u00ba 2, Local &hellip;\" \/>\n<meta property=\"og:url\" content=\"https:\/\/biomol.es\/pt-pt\/politica-privacidad\/\" \/>\n<meta property=\"og:site_name\" content=\"Biomol\" \/>\n<meta property=\"article:modified_time\" content=\"2024-07-10T07:57:13+00:00\" \/>\n<meta name=\"twitter:card\" content=\"summary_large_image\" \/>\n<meta name=\"twitter:site\" content=\"@_Biomol_\" \/>\n<meta name=\"twitter:label1\" content=\"Tempo estimado de leitura\" \/>\n\t<meta name=\"twitter:data1\" content=\"7 minutos\" \/>\n<script type=\"application\/ld+json\" class=\"yoast-schema-graph\">{\"@context\":\"https:\/\/schema.org\",\"@graph\":[{\"@type\":\"WebPage\",\"@id\":\"https:\/\/biomol.es\/pt-pt\/politica-privacidad\/\",\"url\":\"https:\/\/biomol.es\/pt-pt\/politica-privacidad\/\",\"name\":\"Pol\u00edtica de Privacidade - Biomol\",\"isPartOf\":{\"@id\":\"https:\/\/biomol.es\/pt-pt\/#website\"},\"datePublished\":\"2024-06-14T10:48:53+00:00\",\"dateModified\":\"2024-07-10T07:57:13+00:00\",\"breadcrumb\":{\"@id\":\"https:\/\/biomol.es\/pt-pt\/politica-privacidad\/#breadcrumb\"},\"inLanguage\":\"pt-PT\",\"potentialAction\":[{\"@type\":\"ReadAction\",\"target\":[\"https:\/\/biomol.es\/pt-pt\/politica-privacidad\/\"]}]},{\"@type\":\"BreadcrumbList\",\"@id\":\"https:\/\/biomol.es\/pt-pt\/politica-privacidad\/#breadcrumb\",\"itemListElement\":[{\"@type\":\"ListItem\",\"position\":1,\"name\":\"Portada\",\"item\":\"https:\/\/biomol.es\/pt-pt\/\"},{\"@type\":\"ListItem\",\"position\":2,\"name\":\"Pol\u00edtica de Privacidade\"}]},{\"@type\":\"WebSite\",\"@id\":\"https:\/\/biomol.es\/pt-pt\/#website\",\"url\":\"https:\/\/biomol.es\/pt-pt\/\",\"name\":\"Biomol\",\"description\":\"\",\"publisher\":{\"@id\":\"https:\/\/biomol.es\/pt-pt\/#organization\"},\"potentialAction\":[{\"@type\":\"SearchAction\",\"target\":{\"@type\":\"EntryPoint\",\"urlTemplate\":\"https:\/\/biomol.es\/pt-pt\/?s={search_term_string}\"},\"query-input\":{\"@type\":\"PropertyValueSpecification\",\"valueRequired\":true,\"valueName\":\"search_term_string\"}}],\"inLanguage\":\"pt-PT\"},{\"@type\":\"Organization\",\"@id\":\"https:\/\/biomol.es\/pt-pt\/#organization\",\"name\":\"Biomol\",\"url\":\"https:\/\/biomol.es\/pt-pt\/\",\"logo\":{\"@type\":\"ImageObject\",\"inLanguage\":\"pt-PT\",\"@id\":\"https:\/\/biomol.es\/pt-pt\/#\/schema\/logo\/image\/\",\"url\":\"https:\/\/biomol.es\/wp-content\/uploads\/2024\/07\/Logotipo.png\",\"contentUrl\":\"https:\/\/biomol.es\/wp-content\/uploads\/2024\/07\/Logotipo.png\",\"width\":738,\"height\":270,\"caption\":\"Biomol\"},\"image\":{\"@id\":\"https:\/\/biomol.es\/pt-pt\/#\/schema\/logo\/image\/\"},\"sameAs\":[\"https:\/\/x.com\/_Biomol_\",\"https:\/\/www.linkedin.com\/company\/biomol-sl\/\"]}]}<\/script>\n<!-- \/ Yoast SEO plugin. -->","yoast_head_json":{"title":"Pol\u00edtica de Privacidade - Biomol","robots":{"index":"index","follow":"follow","max-snippet":"max-snippet:-1","max-image-preview":"max-image-preview:large","max-video-preview":"max-video-preview:-1"},"canonical":"https:\/\/biomol.es\/pt-pt\/politica-privacidad\/","og_locale":"pt_PT","og_type":"article","og_title":"Pol\u00edtica de Privacidade - Biomol","og_description":"Pol\u00edtica de Privacidade Levamos muito a s\u00e9rio o respeito pela privacidade e a prote\u00e7\u00e3o dos dados pessoais dos nossos utilizadores. A seguir, explicaremos como recolhemos os dados e o tratamento que realizamos sobre os mesmos. Quem \u00e9 o respons\u00e1vel do processamento dos seus dados pessoais? Identidade: BIOMOL S.L.NIF: B41533845Sede Social: C\/ Biolog\u00eda n.\u00ba 2, Local &hellip;","og_url":"https:\/\/biomol.es\/pt-pt\/politica-privacidad\/","og_site_name":"Biomol","article_modified_time":"2024-07-10T07:57:13+00:00","twitter_card":"summary_large_image","twitter_site":"@_Biomol_","twitter_misc":{"Tempo estimado de leitura":"7 minutos"},"schema":{"@context":"https:\/\/schema.org","@graph":[{"@type":"WebPage","@id":"https:\/\/biomol.es\/pt-pt\/politica-privacidad\/","url":"https:\/\/biomol.es\/pt-pt\/politica-privacidad\/","name":"Pol\u00edtica de Privacidade - Biomol","isPartOf":{"@id":"https:\/\/biomol.es\/pt-pt\/#website"},"datePublished":"2024-06-14T10:48:53+00:00","dateModified":"2024-07-10T07:57:13+00:00","breadcrumb":{"@id":"https:\/\/biomol.es\/pt-pt\/politica-privacidad\/#breadcrumb"},"inLanguage":"pt-PT","potentialAction":[{"@type":"ReadAction","target":["https:\/\/biomol.es\/pt-pt\/politica-privacidad\/"]}]},{"@type":"BreadcrumbList","@id":"https:\/\/biomol.es\/pt-pt\/politica-privacidad\/#breadcrumb","itemListElement":[{"@type":"ListItem","position":1,"name":"Portada","item":"https:\/\/biomol.es\/pt-pt\/"},{"@type":"ListItem","position":2,"name":"Pol\u00edtica de Privacidade"}]},{"@type":"WebSite","@id":"https:\/\/biomol.es\/pt-pt\/#website","url":"https:\/\/biomol.es\/pt-pt\/","name":"Biomol","description":"","publisher":{"@id":"https:\/\/biomol.es\/pt-pt\/#organization"},"potentialAction":[{"@type":"SearchAction","target":{"@type":"EntryPoint","urlTemplate":"https:\/\/biomol.es\/pt-pt\/?s={search_term_string}"},"query-input":{"@type":"PropertyValueSpecification","valueRequired":true,"valueName":"search_term_string"}}],"inLanguage":"pt-PT"},{"@type":"Organization","@id":"https:\/\/biomol.es\/pt-pt\/#organization","name":"Biomol","url":"https:\/\/biomol.es\/pt-pt\/","logo":{"@type":"ImageObject","inLanguage":"pt-PT","@id":"https:\/\/biomol.es\/pt-pt\/#\/schema\/logo\/image\/","url":"https:\/\/biomol.es\/wp-content\/uploads\/2024\/07\/Logotipo.png","contentUrl":"https:\/\/biomol.es\/wp-content\/uploads\/2024\/07\/Logotipo.png","width":738,"height":270,"caption":"Biomol"},"image":{"@id":"https:\/\/biomol.es\/pt-pt\/#\/schema\/logo\/image\/"},"sameAs":["https:\/\/x.com\/_Biomol_","https:\/\/www.linkedin.com\/company\/biomol-sl\/"]}]}},"_links":{"self":[{"href":"https:\/\/biomol.es\/pt-pt\/wp-json\/wp\/v2\/pages\/257","targetHints":{"allow":["GET"]}}],"collection":[{"href":"https:\/\/biomol.es\/pt-pt\/wp-json\/wp\/v2\/pages"}],"about":[{"href":"https:\/\/biomol.es\/pt-pt\/wp-json\/wp\/v2\/types\/page"}],"author":[{"embeddable":true,"href":"https:\/\/biomol.es\/pt-pt\/wp-json\/wp\/v2\/users\/12"}],"replies":[{"embeddable":true,"href":"https:\/\/biomol.es\/pt-pt\/wp-json\/wp\/v2\/comments?post=257"}],"version-history":[{"count":3,"href":"https:\/\/biomol.es\/pt-pt\/wp-json\/wp\/v2\/pages\/257\/revisions"}],"predecessor-version":[{"id":368,"href":"https:\/\/biomol.es\/pt-pt\/wp-json\/wp\/v2\/pages\/257\/revisions\/368"}],"wp:attachment":[{"href":"https:\/\/biomol.es\/pt-pt\/wp-json\/wp\/v2\/media?parent=257"}],"curies":[{"name":"wp","href":"https:\/\/api.w.org\/{rel}","templated":true}]}}