{"id":252,"date":"2024-06-28T09:12:14","date_gmt":"2024-06-28T07:12:14","guid":{"rendered":"https:\/\/biomol.es\/politica-de-calidad\/"},"modified":"2024-07-10T09:57:34","modified_gmt":"2024-07-10T07:57:34","slug":"politica-de-calidad","status":"publish","type":"page","link":"https:\/\/biomol.es\/pt-pt\/politica-de-calidad\/","title":{"rendered":"Pol\u00edtica de Qualidade"},"content":{"rendered":"\n<h1 class=\"c-title-1 wp-block-heading\">Pol\u00edtica de Qualidade<\/h1>\n\n\n\n<p>A BIOMOL, S.L., empresa dedicada \u00e0 comercializa\u00e7\u00e3o de equipamentos laboratoriais e diagn\u00f3sticos cl\u00ednicos (consum\u00edveis, reagentes, equipamentos, etc.) na \u00e1rea das ci\u00eancias da vida, comprometeu-se sempre a oferecer aos seus clientes um elevado n\u00edvel de qualidade de servi\u00e7o, garantindo a sua satisfa\u00e7\u00e3o de acordo com as suas exig\u00eancias.<\/p>\n\n\n\n<p>A pol\u00edtica de qualidade da BIOMOL, S.L. consiste em:<\/p>\n\n\n\n<ul class=\"wp-block-list\">\n<li>Corrigir os nossos erros e evitar que apare\u00e7am.<\/li>\n\n\n\n<li>Garantir a satisfa\u00e7\u00e3o dos clientes.<\/li>\n\n\n\n<li>Alcan\u00e7ar o envolvimento dos colaboradores e garantir a sua estabilidade.<\/li>\n<\/ul>\n\n\n\n<p>A organiza\u00e7\u00e3o mant\u00e9m a qualidade dos servi\u00e7os, satisfazendo assim os requisitos contratuais, os desejos e expetativas dos clientes, os requisitos legais e regulamentares aplic\u00e1veis, bem como os padr\u00f5es e n\u00edveis de qualidade estabelecidos por n\u00f3s.<\/p>\n\n\n\n<p>A nossa pol\u00edtica de gest\u00e3o est\u00e1 consubstanciada em objetivos, o que \u00e9 uma forma muito \u00fatil de melhorar continuamente o nosso sistema de qualidade. O resultado final \u00e9 garantir o alcance dos seguintes objetivos:<\/p>\n\n\n\n<p><strong>A OBRIGA\u00c7\u00c3O DE MELHORIA PERMANENTE<\/strong>. Que cada pessoa sinta a necessidade de aperfei\u00e7oamento profissional e pessoal permanente.<\/p>\n\n\n\n<p><strong>MELHORAR O AMBIENTE DO PESSOAL<\/strong>. Para maior realiza\u00e7\u00e3o individual.<\/p>\n\n\n\n<p><strong>MELHORIA CONT\u00cdNUA DA QUALIDADE.<\/strong> Elimina\u00e7\u00e3o de erros e defeitos.<\/p>\n\n\n\n<p><strong>TENDER \u00c0 PERFEI\u00c7\u00c3O<\/strong>. Tudo o que \u00e9 feito deve tender \u00e0 perfei\u00e7\u00e3o no atendimento ao cliente. \u00c9 a fonte de renda para a empresa, todos n\u00f3s gastamos e &#8220;vivemos&#8221; desta renda.<\/p>\n\n\n\n<p><strong>FORNECEDORES<\/strong>. Os fornecedores s\u00e3o os nossos parceiros, d\u00e3o-nos cr\u00e9dito e confiam na nossa empresa, que todos representamos. Devemos ser fi\u00e9is, tratando-os com cortesia e educa\u00e7\u00e3o, n\u00e3o vamos esquecer que eles fazem parte da empresa.<\/p>\n\n\n\n<p><strong>MEIOS<\/strong>. A administra\u00e7\u00e3o, bem como a empresa, t\u00eam a obriga\u00e7\u00e3o de colocar todos os meios necess\u00e1rio para poder cumprir os objetivos estabelecidos. O objetivo \u00e9 criar riqueza, &#8220;somos todos a empresa\u201d.<\/p>\n\n\n\n<p><strong>CONHECIMENTOS.<\/strong> As empresas que dominarem o conhecimento ser\u00e3o as que sobreviverem e crescem nos novos tempos.<\/p>\n\n\n\n<p>Com a soma de todos eles, a imagem que transcende o exterior ser\u00e1 a de uma empresa s\u00e9ria, com garantia de qualidade e solv\u00eancia econ\u00f3mica. Para atender a esses objetivos, a Administra\u00e7\u00e3o estabelece as medidas necess\u00e1rias para garantir que seu sistema de qualidade seja disseminado para todas as \u00e1reas da empresa, seja compreendido, aplicado, revisto e atualizado.<\/p>\n\n\n\n<p>A Administra\u00e7\u00e3o adquire ainda o compromisso de disponibilizar todos os recursos materiais e humanos necess\u00e1rios \u00e0 execu\u00e7\u00e3o da pol\u00edtica da qualidade da empresa, divulgando em todos os n\u00edveis da empresa a evolu\u00e7\u00e3o e efic\u00e1cia do sistema de gest\u00e3o.<\/p>\n\n\n\n<p>Em Sevilha, aos 02 de agosto de 2022<\/p>\n\n\n\n<p>C\/ Biolog\u00eda n.\u00ba 2, Local 1, 41015 \u2013 Sevilha <a>biomol@biomol.es<\/a><\/p>\n\n\n\n<p><\/p>\n","protected":false},"excerpt":{"rendered":"<p>Pol\u00edtica de Qualidade A BIOMOL, S.L., empresa dedicada \u00e0 comercializa\u00e7\u00e3o de equipamentos laboratoriais e diagn\u00f3sticos cl\u00ednicos (consum\u00edveis, reagentes, equipamentos, etc.) na \u00e1rea das ci\u00eancias da vida, comprometeu-se sempre a oferecer aos seus clientes um elevado n\u00edvel de qualidade de servi\u00e7o, garantindo a sua satisfa\u00e7\u00e3o de acordo com as suas exig\u00eancias. A pol\u00edtica de qualidade da &hellip;<\/p>\n","protected":false},"author":12,"featured_media":0,"parent":0,"menu_order":0,"comment_status":"closed","ping_status":"closed","template":"","meta":{"_acf_changed":false,"inline_featured_image":false,"footnotes":""},"class_list":["post-252","page","type-page","status-publish","hentry"],"acf":[],"yoast_head":"<!-- This site is optimized with the Yoast SEO plugin v26.9 - https:\/\/yoast.com\/product\/yoast-seo-wordpress\/ -->\n<title>Pol\u00edtica de Qualidade - Biomol<\/title>\n<meta name=\"robots\" content=\"index, follow, max-snippet:-1, max-image-preview:large, max-video-preview:-1\" \/>\n<link rel=\"canonical\" href=\"https:\/\/biomol.es\/pt-pt\/politica-de-calidad\/\" \/>\n<meta property=\"og:locale\" content=\"pt_PT\" \/>\n<meta property=\"og:type\" content=\"article\" \/>\n<meta property=\"og:title\" content=\"Pol\u00edtica de Qualidade - Biomol\" \/>\n<meta property=\"og:description\" content=\"Pol\u00edtica de Qualidade A BIOMOL, S.L., empresa dedicada \u00e0 comercializa\u00e7\u00e3o de equipamentos laboratoriais e diagn\u00f3sticos cl\u00ednicos (consum\u00edveis, reagentes, equipamentos, etc.) na \u00e1rea das ci\u00eancias da vida, comprometeu-se sempre a oferecer aos seus clientes um elevado n\u00edvel de qualidade de servi\u00e7o, garantindo a sua satisfa\u00e7\u00e3o de acordo com as suas exig\u00eancias. A pol\u00edtica de qualidade da &hellip;\" \/>\n<meta property=\"og:url\" content=\"https:\/\/biomol.es\/pt-pt\/politica-de-calidad\/\" \/>\n<meta property=\"og:site_name\" content=\"Biomol\" \/>\n<meta property=\"article:modified_time\" content=\"2024-07-10T07:57:34+00:00\" \/>\n<meta name=\"twitter:card\" content=\"summary_large_image\" \/>\n<meta name=\"twitter:site\" content=\"@_Biomol_\" \/>\n<meta name=\"twitter:label1\" content=\"Tempo estimado de leitura\" \/>\n\t<meta name=\"twitter:data1\" content=\"2 minutos\" \/>\n<script type=\"application\/ld+json\" class=\"yoast-schema-graph\">{\"@context\":\"https:\/\/schema.org\",\"@graph\":[{\"@type\":\"WebPage\",\"@id\":\"https:\/\/biomol.es\/pt-pt\/politica-de-calidad\/\",\"url\":\"https:\/\/biomol.es\/pt-pt\/politica-de-calidad\/\",\"name\":\"Pol\u00edtica de Qualidade - Biomol\",\"isPartOf\":{\"@id\":\"https:\/\/biomol.es\/pt-pt\/#website\"},\"datePublished\":\"2024-06-28T07:12:14+00:00\",\"dateModified\":\"2024-07-10T07:57:34+00:00\",\"breadcrumb\":{\"@id\":\"https:\/\/biomol.es\/pt-pt\/politica-de-calidad\/#breadcrumb\"},\"inLanguage\":\"pt-PT\",\"potentialAction\":[{\"@type\":\"ReadAction\",\"target\":[\"https:\/\/biomol.es\/pt-pt\/politica-de-calidad\/\"]}]},{\"@type\":\"BreadcrumbList\",\"@id\":\"https:\/\/biomol.es\/pt-pt\/politica-de-calidad\/#breadcrumb\",\"itemListElement\":[{\"@type\":\"ListItem\",\"position\":1,\"name\":\"Portada\",\"item\":\"https:\/\/biomol.es\/pt-pt\/\"},{\"@type\":\"ListItem\",\"position\":2,\"name\":\"Pol\u00edtica de Qualidade\"}]},{\"@type\":\"WebSite\",\"@id\":\"https:\/\/biomol.es\/pt-pt\/#website\",\"url\":\"https:\/\/biomol.es\/pt-pt\/\",\"name\":\"Biomol\",\"description\":\"\",\"publisher\":{\"@id\":\"https:\/\/biomol.es\/pt-pt\/#organization\"},\"potentialAction\":[{\"@type\":\"SearchAction\",\"target\":{\"@type\":\"EntryPoint\",\"urlTemplate\":\"https:\/\/biomol.es\/pt-pt\/?s={search_term_string}\"},\"query-input\":{\"@type\":\"PropertyValueSpecification\",\"valueRequired\":true,\"valueName\":\"search_term_string\"}}],\"inLanguage\":\"pt-PT\"},{\"@type\":\"Organization\",\"@id\":\"https:\/\/biomol.es\/pt-pt\/#organization\",\"name\":\"Biomol\",\"url\":\"https:\/\/biomol.es\/pt-pt\/\",\"logo\":{\"@type\":\"ImageObject\",\"inLanguage\":\"pt-PT\",\"@id\":\"https:\/\/biomol.es\/pt-pt\/#\/schema\/logo\/image\/\",\"url\":\"https:\/\/biomol.es\/wp-content\/uploads\/2024\/07\/Logotipo.png\",\"contentUrl\":\"https:\/\/biomol.es\/wp-content\/uploads\/2024\/07\/Logotipo.png\",\"width\":738,\"height\":270,\"caption\":\"Biomol\"},\"image\":{\"@id\":\"https:\/\/biomol.es\/pt-pt\/#\/schema\/logo\/image\/\"},\"sameAs\":[\"https:\/\/x.com\/_Biomol_\",\"https:\/\/www.linkedin.com\/company\/biomol-sl\/\"]}]}<\/script>\n<!-- \/ Yoast SEO plugin. -->","yoast_head_json":{"title":"Pol\u00edtica de Qualidade - Biomol","robots":{"index":"index","follow":"follow","max-snippet":"max-snippet:-1","max-image-preview":"max-image-preview:large","max-video-preview":"max-video-preview:-1"},"canonical":"https:\/\/biomol.es\/pt-pt\/politica-de-calidad\/","og_locale":"pt_PT","og_type":"article","og_title":"Pol\u00edtica de Qualidade - Biomol","og_description":"Pol\u00edtica de Qualidade A BIOMOL, S.L., empresa dedicada \u00e0 comercializa\u00e7\u00e3o de equipamentos laboratoriais e diagn\u00f3sticos cl\u00ednicos (consum\u00edveis, reagentes, equipamentos, etc.) na \u00e1rea das ci\u00eancias da vida, comprometeu-se sempre a oferecer aos seus clientes um elevado n\u00edvel de qualidade de servi\u00e7o, garantindo a sua satisfa\u00e7\u00e3o de acordo com as suas exig\u00eancias. A pol\u00edtica de qualidade da &hellip;","og_url":"https:\/\/biomol.es\/pt-pt\/politica-de-calidad\/","og_site_name":"Biomol","article_modified_time":"2024-07-10T07:57:34+00:00","twitter_card":"summary_large_image","twitter_site":"@_Biomol_","twitter_misc":{"Tempo estimado de leitura":"2 minutos"},"schema":{"@context":"https:\/\/schema.org","@graph":[{"@type":"WebPage","@id":"https:\/\/biomol.es\/pt-pt\/politica-de-calidad\/","url":"https:\/\/biomol.es\/pt-pt\/politica-de-calidad\/","name":"Pol\u00edtica de Qualidade - Biomol","isPartOf":{"@id":"https:\/\/biomol.es\/pt-pt\/#website"},"datePublished":"2024-06-28T07:12:14+00:00","dateModified":"2024-07-10T07:57:34+00:00","breadcrumb":{"@id":"https:\/\/biomol.es\/pt-pt\/politica-de-calidad\/#breadcrumb"},"inLanguage":"pt-PT","potentialAction":[{"@type":"ReadAction","target":["https:\/\/biomol.es\/pt-pt\/politica-de-calidad\/"]}]},{"@type":"BreadcrumbList","@id":"https:\/\/biomol.es\/pt-pt\/politica-de-calidad\/#breadcrumb","itemListElement":[{"@type":"ListItem","position":1,"name":"Portada","item":"https:\/\/biomol.es\/pt-pt\/"},{"@type":"ListItem","position":2,"name":"Pol\u00edtica de Qualidade"}]},{"@type":"WebSite","@id":"https:\/\/biomol.es\/pt-pt\/#website","url":"https:\/\/biomol.es\/pt-pt\/","name":"Biomol","description":"","publisher":{"@id":"https:\/\/biomol.es\/pt-pt\/#organization"},"potentialAction":[{"@type":"SearchAction","target":{"@type":"EntryPoint","urlTemplate":"https:\/\/biomol.es\/pt-pt\/?s={search_term_string}"},"query-input":{"@type":"PropertyValueSpecification","valueRequired":true,"valueName":"search_term_string"}}],"inLanguage":"pt-PT"},{"@type":"Organization","@id":"https:\/\/biomol.es\/pt-pt\/#organization","name":"Biomol","url":"https:\/\/biomol.es\/pt-pt\/","logo":{"@type":"ImageObject","inLanguage":"pt-PT","@id":"https:\/\/biomol.es\/pt-pt\/#\/schema\/logo\/image\/","url":"https:\/\/biomol.es\/wp-content\/uploads\/2024\/07\/Logotipo.png","contentUrl":"https:\/\/biomol.es\/wp-content\/uploads\/2024\/07\/Logotipo.png","width":738,"height":270,"caption":"Biomol"},"image":{"@id":"https:\/\/biomol.es\/pt-pt\/#\/schema\/logo\/image\/"},"sameAs":["https:\/\/x.com\/_Biomol_","https:\/\/www.linkedin.com\/company\/biomol-sl\/"]}]}},"_links":{"self":[{"href":"https:\/\/biomol.es\/pt-pt\/wp-json\/wp\/v2\/pages\/252","targetHints":{"allow":["GET"]}}],"collection":[{"href":"https:\/\/biomol.es\/pt-pt\/wp-json\/wp\/v2\/pages"}],"about":[{"href":"https:\/\/biomol.es\/pt-pt\/wp-json\/wp\/v2\/types\/page"}],"author":[{"embeddable":true,"href":"https:\/\/biomol.es\/pt-pt\/wp-json\/wp\/v2\/users\/12"}],"replies":[{"embeddable":true,"href":"https:\/\/biomol.es\/pt-pt\/wp-json\/wp\/v2\/comments?post=252"}],"version-history":[{"count":5,"href":"https:\/\/biomol.es\/pt-pt\/wp-json\/wp\/v2\/pages\/252\/revisions"}],"predecessor-version":[{"id":370,"href":"https:\/\/biomol.es\/pt-pt\/wp-json\/wp\/v2\/pages\/252\/revisions\/370"}],"wp:attachment":[{"href":"https:\/\/biomol.es\/pt-pt\/wp-json\/wp\/v2\/media?parent=252"}],"curies":[{"name":"wp","href":"https:\/\/api.w.org\/{rel}","templated":true}]}}