{"id":243,"date":"2024-06-28T09:11:55","date_gmt":"2024-06-28T07:11:55","guid":{"rendered":"https:\/\/biomol.es\/aviso-legal\/"},"modified":"2024-07-10T09:56:33","modified_gmt":"2024-07-10T07:56:33","slug":"aviso-legal","status":"publish","type":"page","link":"https:\/\/biomol.es\/pt-pt\/aviso-legal\/","title":{"rendered":"Aviso legal"},"content":{"rendered":"\n<h1 class=\"c-title-1 wp-block-heading\">Aviso legal<\/h1>\n\n\n\n<p>Em conformidade com a Lei 34\/2002 dos Servi\u00e7os da Sociedade da Informa\u00e7\u00e3o e Com\u00e9rcio Eletr\u00f3nico da Espanha, informamos que este site \u00e9 propriedade da BIOMOL S.L. (doravante, Biomol) e seguindo os princ\u00edpios de legalidade, lealdade e transpar\u00eancia, fornecemos as seguintes informa\u00e7\u00f5es sobre o processamento que realizaremos com os seus dados pessoais.<\/p>\n\n\n\n<h2 class=\"c-title-2 wp-block-heading\"><a><\/a>Quem \u00e9 o respons\u00e1vel pelo processamento dos seus dados pessoais?<\/h2>\n\n\n\n<p><strong>Identidade: BIOMOL S.L.<br>NIF: B41533845<br>Sede social: C\/ Biolog\u00eda n.\u00ba 2, Local 1, CP 41015 \u2013 Sevilha<br>Dados de inscri\u00e7\u00e3o: Registro Mercantil de Sevilha, Volume 1.522, Registo 51, Folha n\u00fam. SE- 6397<br>Telefone: 954335040<br>E-mail: info@biomol.es<\/strong><strong><\/strong><\/p>\n\n\n\n<h2 class=\"c-title-2 wp-block-heading\">Propriedade intelectual<\/h2>\n\n\n\n<p>A informa\u00e7\u00e3o e os conte\u00fados; bem como desenhos gr\u00e1ficos, as imagens, as fotografias que s\u00e3o recolhidas no www.biomol.es s\u00e3o protegidos pela legisla\u00e7\u00e3o espanhola sobre os direitos de propriedade intelectual e industrial em favor da raz\u00e3o social da entidade e a reprodu\u00e7\u00e3o e\/ou publica\u00e7\u00e3o, total ou parcial, do site n\u00e3o \u00e9 permitida, nem o seu tratamento inform\u00e1tico, a sua distribui\u00e7\u00e3o, a sua divulga\u00e7\u00e3o, nem a sua modifica\u00e7\u00e3o, transforma\u00e7\u00e3o ou descompila\u00e7\u00e3o, nem outros direitos legalmente reconhecidos ao seu titular, sem a permiss\u00e3o pr\u00e9via por escrito do mesmo.<\/p>\n\n\n\n<p>O utilizador, \u00fanica e exclusivamente, poder\u00e1 utilizar o material que aparecer\u00e1 neste site para seu uso pessoal e privado, sendo proibida a sua utiliza\u00e7\u00e3o para fins comerciais ou para a pr\u00e1tica de atividades il\u00edcitas. Todos os direitos derivados da propriedade intelectual est\u00e3o expressamente reservados pela BIOMOL, SL.<\/p>\n\n\n\n<p>A BIOMOL, SL, assegurar-se-\u00e1 do cumprimento das condi\u00e7\u00f5es acima, bem como do uso adequado dos conte\u00fados apresentados nos seus sites, exercendo todas as a\u00e7\u00f5es civis e penais que lhe correspondam em caso de infra\u00e7\u00e3o ou incumprimento destes direitos por parte do utilizador.<\/p>\n","protected":false},"excerpt":{"rendered":"<p>Aviso legal Em conformidade com a Lei 34\/2002 dos Servi\u00e7os da Sociedade da Informa\u00e7\u00e3o e Com\u00e9rcio Eletr\u00f3nico da Espanha, informamos que este site \u00e9 propriedade da BIOMOL S.L. (doravante, Biomol) e seguindo os princ\u00edpios de legalidade, lealdade e transpar\u00eancia, fornecemos as seguintes informa\u00e7\u00f5es sobre o processamento que realizaremos com os seus dados pessoais. Quem \u00e9 &hellip;<\/p>\n","protected":false},"author":12,"featured_media":0,"parent":0,"menu_order":0,"comment_status":"closed","ping_status":"closed","template":"","meta":{"_acf_changed":false,"inline_featured_image":false,"footnotes":""},"class_list":["post-243","page","type-page","status-publish","hentry"],"acf":[],"yoast_head":"<!-- This site is optimized with the Yoast SEO plugin v26.9 - https:\/\/yoast.com\/product\/yoast-seo-wordpress\/ -->\n<title>Aviso legal - Biomol<\/title>\n<meta name=\"robots\" content=\"index, follow, max-snippet:-1, max-image-preview:large, max-video-preview:-1\" \/>\n<link rel=\"canonical\" href=\"https:\/\/biomol.es\/pt-pt\/aviso-legal\/\" \/>\n<meta property=\"og:locale\" content=\"pt_PT\" \/>\n<meta property=\"og:type\" content=\"article\" \/>\n<meta property=\"og:title\" content=\"Aviso legal - Biomol\" \/>\n<meta property=\"og:description\" content=\"Aviso legal Em conformidade com a Lei 34\/2002 dos Servi\u00e7os da Sociedade da Informa\u00e7\u00e3o e Com\u00e9rcio Eletr\u00f3nico da Espanha, informamos que este site \u00e9 propriedade da BIOMOL S.L. (doravante, Biomol) e seguindo os princ\u00edpios de legalidade, lealdade e transpar\u00eancia, fornecemos as seguintes informa\u00e7\u00f5es sobre o processamento que realizaremos com os seus dados pessoais. Quem \u00e9 &hellip;\" \/>\n<meta property=\"og:url\" content=\"https:\/\/biomol.es\/pt-pt\/aviso-legal\/\" \/>\n<meta property=\"og:site_name\" content=\"Biomol\" \/>\n<meta property=\"article:modified_time\" content=\"2024-07-10T07:56:33+00:00\" \/>\n<meta name=\"twitter:card\" content=\"summary_large_image\" \/>\n<meta name=\"twitter:site\" content=\"@_Biomol_\" \/>\n<meta name=\"twitter:label1\" content=\"Tempo estimado de leitura\" \/>\n\t<meta name=\"twitter:data1\" content=\"2 minutos\" \/>\n<script type=\"application\/ld+json\" class=\"yoast-schema-graph\">{\"@context\":\"https:\/\/schema.org\",\"@graph\":[{\"@type\":\"WebPage\",\"@id\":\"https:\/\/biomol.es\/pt-pt\/aviso-legal\/\",\"url\":\"https:\/\/biomol.es\/pt-pt\/aviso-legal\/\",\"name\":\"Aviso legal - Biomol\",\"isPartOf\":{\"@id\":\"https:\/\/biomol.es\/pt-pt\/#website\"},\"datePublished\":\"2024-06-28T07:11:55+00:00\",\"dateModified\":\"2024-07-10T07:56:33+00:00\",\"breadcrumb\":{\"@id\":\"https:\/\/biomol.es\/pt-pt\/aviso-legal\/#breadcrumb\"},\"inLanguage\":\"pt-PT\",\"potentialAction\":[{\"@type\":\"ReadAction\",\"target\":[\"https:\/\/biomol.es\/pt-pt\/aviso-legal\/\"]}]},{\"@type\":\"BreadcrumbList\",\"@id\":\"https:\/\/biomol.es\/pt-pt\/aviso-legal\/#breadcrumb\",\"itemListElement\":[{\"@type\":\"ListItem\",\"position\":1,\"name\":\"Portada\",\"item\":\"https:\/\/biomol.es\/pt-pt\/\"},{\"@type\":\"ListItem\",\"position\":2,\"name\":\"Aviso legal\"}]},{\"@type\":\"WebSite\",\"@id\":\"https:\/\/biomol.es\/pt-pt\/#website\",\"url\":\"https:\/\/biomol.es\/pt-pt\/\",\"name\":\"Biomol\",\"description\":\"\",\"publisher\":{\"@id\":\"https:\/\/biomol.es\/pt-pt\/#organization\"},\"potentialAction\":[{\"@type\":\"SearchAction\",\"target\":{\"@type\":\"EntryPoint\",\"urlTemplate\":\"https:\/\/biomol.es\/pt-pt\/?s={search_term_string}\"},\"query-input\":{\"@type\":\"PropertyValueSpecification\",\"valueRequired\":true,\"valueName\":\"search_term_string\"}}],\"inLanguage\":\"pt-PT\"},{\"@type\":\"Organization\",\"@id\":\"https:\/\/biomol.es\/pt-pt\/#organization\",\"name\":\"Biomol\",\"url\":\"https:\/\/biomol.es\/pt-pt\/\",\"logo\":{\"@type\":\"ImageObject\",\"inLanguage\":\"pt-PT\",\"@id\":\"https:\/\/biomol.es\/pt-pt\/#\/schema\/logo\/image\/\",\"url\":\"https:\/\/biomol.es\/wp-content\/uploads\/2024\/07\/Logotipo.png\",\"contentUrl\":\"https:\/\/biomol.es\/wp-content\/uploads\/2024\/07\/Logotipo.png\",\"width\":738,\"height\":270,\"caption\":\"Biomol\"},\"image\":{\"@id\":\"https:\/\/biomol.es\/pt-pt\/#\/schema\/logo\/image\/\"},\"sameAs\":[\"https:\/\/x.com\/_Biomol_\",\"https:\/\/www.linkedin.com\/company\/biomol-sl\/\"]}]}<\/script>\n<!-- \/ Yoast SEO plugin. -->","yoast_head_json":{"title":"Aviso legal - Biomol","robots":{"index":"index","follow":"follow","max-snippet":"max-snippet:-1","max-image-preview":"max-image-preview:large","max-video-preview":"max-video-preview:-1"},"canonical":"https:\/\/biomol.es\/pt-pt\/aviso-legal\/","og_locale":"pt_PT","og_type":"article","og_title":"Aviso legal - Biomol","og_description":"Aviso legal Em conformidade com a Lei 34\/2002 dos Servi\u00e7os da Sociedade da Informa\u00e7\u00e3o e Com\u00e9rcio Eletr\u00f3nico da Espanha, informamos que este site \u00e9 propriedade da BIOMOL S.L. (doravante, Biomol) e seguindo os princ\u00edpios de legalidade, lealdade e transpar\u00eancia, fornecemos as seguintes informa\u00e7\u00f5es sobre o processamento que realizaremos com os seus dados pessoais. Quem \u00e9 &hellip;","og_url":"https:\/\/biomol.es\/pt-pt\/aviso-legal\/","og_site_name":"Biomol","article_modified_time":"2024-07-10T07:56:33+00:00","twitter_card":"summary_large_image","twitter_site":"@_Biomol_","twitter_misc":{"Tempo estimado de leitura":"2 minutos"},"schema":{"@context":"https:\/\/schema.org","@graph":[{"@type":"WebPage","@id":"https:\/\/biomol.es\/pt-pt\/aviso-legal\/","url":"https:\/\/biomol.es\/pt-pt\/aviso-legal\/","name":"Aviso legal - Biomol","isPartOf":{"@id":"https:\/\/biomol.es\/pt-pt\/#website"},"datePublished":"2024-06-28T07:11:55+00:00","dateModified":"2024-07-10T07:56:33+00:00","breadcrumb":{"@id":"https:\/\/biomol.es\/pt-pt\/aviso-legal\/#breadcrumb"},"inLanguage":"pt-PT","potentialAction":[{"@type":"ReadAction","target":["https:\/\/biomol.es\/pt-pt\/aviso-legal\/"]}]},{"@type":"BreadcrumbList","@id":"https:\/\/biomol.es\/pt-pt\/aviso-legal\/#breadcrumb","itemListElement":[{"@type":"ListItem","position":1,"name":"Portada","item":"https:\/\/biomol.es\/pt-pt\/"},{"@type":"ListItem","position":2,"name":"Aviso legal"}]},{"@type":"WebSite","@id":"https:\/\/biomol.es\/pt-pt\/#website","url":"https:\/\/biomol.es\/pt-pt\/","name":"Biomol","description":"","publisher":{"@id":"https:\/\/biomol.es\/pt-pt\/#organization"},"potentialAction":[{"@type":"SearchAction","target":{"@type":"EntryPoint","urlTemplate":"https:\/\/biomol.es\/pt-pt\/?s={search_term_string}"},"query-input":{"@type":"PropertyValueSpecification","valueRequired":true,"valueName":"search_term_string"}}],"inLanguage":"pt-PT"},{"@type":"Organization","@id":"https:\/\/biomol.es\/pt-pt\/#organization","name":"Biomol","url":"https:\/\/biomol.es\/pt-pt\/","logo":{"@type":"ImageObject","inLanguage":"pt-PT","@id":"https:\/\/biomol.es\/pt-pt\/#\/schema\/logo\/image\/","url":"https:\/\/biomol.es\/wp-content\/uploads\/2024\/07\/Logotipo.png","contentUrl":"https:\/\/biomol.es\/wp-content\/uploads\/2024\/07\/Logotipo.png","width":738,"height":270,"caption":"Biomol"},"image":{"@id":"https:\/\/biomol.es\/pt-pt\/#\/schema\/logo\/image\/"},"sameAs":["https:\/\/x.com\/_Biomol_","https:\/\/www.linkedin.com\/company\/biomol-sl\/"]}]}},"_links":{"self":[{"href":"https:\/\/biomol.es\/pt-pt\/wp-json\/wp\/v2\/pages\/243","targetHints":{"allow":["GET"]}}],"collection":[{"href":"https:\/\/biomol.es\/pt-pt\/wp-json\/wp\/v2\/pages"}],"about":[{"href":"https:\/\/biomol.es\/pt-pt\/wp-json\/wp\/v2\/types\/page"}],"author":[{"embeddable":true,"href":"https:\/\/biomol.es\/pt-pt\/wp-json\/wp\/v2\/users\/12"}],"replies":[{"embeddable":true,"href":"https:\/\/biomol.es\/pt-pt\/wp-json\/wp\/v2\/comments?post=243"}],"version-history":[{"count":2,"href":"https:\/\/biomol.es\/pt-pt\/wp-json\/wp\/v2\/pages\/243\/revisions"}],"predecessor-version":[{"id":367,"href":"https:\/\/biomol.es\/pt-pt\/wp-json\/wp\/v2\/pages\/243\/revisions\/367"}],"wp:attachment":[{"href":"https:\/\/biomol.es\/pt-pt\/wp-json\/wp\/v2\/media?parent=243"}],"curies":[{"name":"wp","href":"https:\/\/api.w.org\/{rel}","templated":true}]}}