{"id":1934,"date":"2025-02-18T17:02:28","date_gmt":"2025-02-18T16:02:28","guid":{"rendered":"https:\/\/biomol.es\/?page_id=1934"},"modified":"2025-02-20T16:14:45","modified_gmt":"2025-02-20T15:14:45","slug":"fundacao-biomol","status":"publish","type":"page","link":"https:\/\/biomol.es\/pt-pt\/fundacao-biomol\/","title":{"rendered":"Funda\u00e7\u00e3o Biomol"},"content":{"rendered":"<section\n  id=\"block_b01e8d9a105d23d913980f55bbaf2349\"\n  class=\"c-page-header alignfull js-page-header is-bg wp-block-un-blocks-page-header\">\n  <div class=\"c-page-header__wrapper o-container o-container--full\">\n    <div class=\"c-page-header__content js-page-header-content\">\n      <h1 class=\"c-page-header__title js-title-reveal\">Apoiamos os jovens, ajudamos a investiga\u00e7\u00e3o<\/h1>\n              <p class=\"c-page-header__subtitle js-page-header-subtitle\">A Funda\u00e7\u00e3o Instituto Biomol \u00e9 uma organiza\u00e7\u00e3o privada sem fins lucrativos, criada sob a \u00e9gide da empresa Biomol SL, que se dedica ao fomento da investiga\u00e7\u00e3o por parte de estudantes de doutoramento e \u00e0 melhoria dos sistemas de sa\u00fade em comunidades de todo o mundo.<\/p>\n          <\/div>\n  <\/div>\n  <figure class=\"c-page-header__figure js-page-header-image\">\n    <img decoding=\"async\" width=\"782\" height=\"805\" data-src=\"https:\/\/biomol.es\/wp-content\/uploads\/2024\/11\/Ilustracion-Proyecto-Biomol.svg\" class=\"c-page-header__image lazyload\" alt=\"\" src=\"data:image\/svg+xml;base64,PHN2ZyB3aWR0aD0iMSIgaGVpZ2h0PSIxIiB4bWxucz0iaHR0cDovL3d3dy53My5vcmcvMjAwMC9zdmciPjwvc3ZnPg==\" style=\"--smush-placeholder-width: 782px; --smush-placeholder-aspect-ratio: 782\/805;\" \/>  <\/figure>\n<\/section>\n<hr class=\"c-page-header__separator alignfull\">\n\n\n<section\nid=\"block_f2164d70630179722dd9431b59a376a6\"\nclass=\"alignwide c-testimonial js-testimonial wp-block-un-blocks-testimonial\">\n  <h2 class=\"c-testimonial__title js-title-reveal\"><\/h2>\n\n  <div class=\"c-testimonial__cards js-testimonial-cards\">\n<section\n  id=\"block_501bb51e6b942dce318354afdf4d7717\"\n  class=\"alignwide c-featured-card js-featured-card c-featured-card--featured wp-block-un-blocks-featured-card\" data-reveal=\"none\">\n  <div class=\"c-featured-card__inner\">\n    <div class=\"c-featured-card__content\">\n      \n              <h2 class=\"c-featured-card__title\">Miss\u00e3o<\/h2>\n      \n              <div class=\"c-featured-card__text\"><p>Promovemos a investiga\u00e7\u00e3o desenvolvida pelos alunos, oferecemos um ponto de uni\u00e3o entre as comunidades cient\u00edficas e melhoramos os sistemas de sa\u00fade em todo o mundo.<\/p>\n<\/div>\n      \n          <\/div>\n\n          <div class=\"c-featured-card__image\">\n        <img decoding=\"async\" width=\"597\" height=\"440\" data-src=\"https:\/\/biomol.es\/wp-content\/uploads\/2025\/02\/fundacion-biomol-mision-2.png\" class=\"c-featured-card__img lazyload\" alt=\"\" data-srcset=\"https:\/\/biomol.es\/wp-content\/uploads\/2025\/02\/fundacion-biomol-mision-2.png 597w, https:\/\/biomol.es\/wp-content\/uploads\/2025\/02\/fundacion-biomol-mision-2-300x221.png 300w\" data-sizes=\"(max-width: 597px) 100vw, 597px\" src=\"data:image\/svg+xml;base64,PHN2ZyB3aWR0aD0iMSIgaGVpZ2h0PSIxIiB4bWxucz0iaHR0cDovL3d3dy53My5vcmcvMjAwMC9zdmciPjwvc3ZnPg==\" style=\"--smush-placeholder-width: 597px; --smush-placeholder-aspect-ratio: 597\/440;\" \/>      <\/div>\n      <\/div>\n<\/section>\n\n\n<section\n  id=\"block_2a53e71c49569226f337df6cde156bab\"\n  class=\"alignwide c-featured-card js-featured-card c-featured-card--featured wp-block-un-blocks-featured-card\" data-reveal=\"none\">\n  <div class=\"c-featured-card__inner\">\n    <div class=\"c-featured-card__content\">\n      \n              <h2 class=\"c-featured-card__title\">Vis\u00e3o<\/h2>\n      \n              <div class=\"c-featured-card__text\"><p>A nossa aspira\u00e7\u00e3o \u00e9 garantir que todas as pessoas tenham acesso igualit\u00e1rio a cuidados de sa\u00fade de qualidade e a uma educa\u00e7\u00e3o cient\u00edfica abrangente, independentemente da sua origem ou condi\u00e7\u00e3o, fazendo da uni\u00e3o entre ci\u00eancia e sociedade um motor de transforma\u00e7\u00e3o.<\/p>\n<\/div>\n      \n          <\/div>\n\n          <div class=\"c-featured-card__image\">\n        <img decoding=\"async\" width=\"504\" height=\"316\" data-src=\"https:\/\/biomol.es\/wp-content\/uploads\/2025\/02\/Fundacion-Biomol-Vision.png\" class=\"c-featured-card__img lazyload\" alt=\"\" data-srcset=\"https:\/\/biomol.es\/wp-content\/uploads\/2025\/02\/Fundacion-Biomol-Vision.png 504w, https:\/\/biomol.es\/wp-content\/uploads\/2025\/02\/Fundacion-Biomol-Vision-300x188.png 300w\" data-sizes=\"(max-width: 504px) 100vw, 504px\" src=\"data:image\/svg+xml;base64,PHN2ZyB3aWR0aD0iMSIgaGVpZ2h0PSIxIiB4bWxucz0iaHR0cDovL3d3dy53My5vcmcvMjAwMC9zdmciPjwvc3ZnPg==\" style=\"--smush-placeholder-width: 504px; --smush-placeholder-aspect-ratio: 504\/316;\" \/>      <\/div>\n      <\/div>\n<\/section>\n\n<\/div>\n<\/section>\n\n\n<section\n  id=\"block_9e27539a1419f8d8ff592093dea9555a\"\n  class=\"c-cards alignfull js-cards wp-block-un-blocks-cards\"  style=\"--cards-deco: url(https:\/\/biomol.es\/wp-content\/themes\/biomol\/src\/images\/cards-bg2.jpg);\">\n  <div class=\"o-container o-container--full c-cards__container\">\n    <div class=\"c-cards__deco\" data-reveal=\"none\"><\/div>\n    <header class=\"c-cards__header\">\n              <p class=\"c-cards__pretitle\" data-reveal-delay=\"1.2s\" data-reveal>Os valores da Funda\u00e7\u00e3o<\/p>\n            <h2 class=\"c-cards__title js-title-reveal\">Estes s\u00e3o os valores em que baseamos a nossa atividade<\/h2>\n      <div class=\"c-cards__text\" data-reveal-delay=\"1.4s\" data-reveal><\/div>\n          <\/header>\n    <div class=\"c-cards__wrapper js-cards-wrapper\">\n              <div class=\"c-cards__item js-cards-item is-default\">\n          <div class=\"c-cards__item-bg\"><\/div>\n          <picture class=\"c-cards__item-icon-wrapper\">\n            <img decoding=\"async\" width=\"81\" height=\"81\" data-src=\"https:\/\/biomol.es\/wp-content\/uploads\/2025\/02\/Fundacion-Biomol-Transparencia.png\" class=\"c-cards__item-icon lazyload\" alt=\"\" src=\"data:image\/svg+xml;base64,PHN2ZyB3aWR0aD0iMSIgaGVpZ2h0PSIxIiB4bWxucz0iaHR0cDovL3d3dy53My5vcmcvMjAwMC9zdmciPjwvc3ZnPg==\" style=\"--smush-placeholder-width: 81px; --smush-placeholder-aspect-ratio: 81\/81;\" \/>          <\/picture>\n                    <h3 class=\"c-cards__item-title\">Transpar\u00eancia<\/h3>\n          <div class=\"c-cards__item-text\"><\/div>\n        <\/div>\n              <div class=\"c-cards__item js-cards-item is-default\">\n          <div class=\"c-cards__item-bg\"><\/div>\n          <picture class=\"c-cards__item-icon-wrapper\">\n            <img decoding=\"async\" width=\"81\" height=\"81\" data-src=\"https:\/\/biomol.es\/wp-content\/uploads\/2025\/02\/Fundacion-Biomol-Solidaridad.png\" class=\"c-cards__item-icon lazyload\" alt=\"\" src=\"data:image\/svg+xml;base64,PHN2ZyB3aWR0aD0iMSIgaGVpZ2h0PSIxIiB4bWxucz0iaHR0cDovL3d3dy53My5vcmcvMjAwMC9zdmciPjwvc3ZnPg==\" style=\"--smush-placeholder-width: 81px; --smush-placeholder-aspect-ratio: 81\/81;\" \/>          <\/picture>\n                    <h3 class=\"c-cards__item-title\">Solidariedade<\/h3>\n          <div class=\"c-cards__item-text\"><\/div>\n        <\/div>\n              <div class=\"c-cards__item js-cards-item is-default\">\n          <div class=\"c-cards__item-bg\"><\/div>\n          <picture class=\"c-cards__item-icon-wrapper\">\n            <img decoding=\"async\" width=\"81\" height=\"81\" data-src=\"https:\/\/biomol.es\/wp-content\/uploads\/2025\/02\/Fundacion-Biomol-Innovacion.png\" class=\"c-cards__item-icon lazyload\" alt=\"\" src=\"data:image\/svg+xml;base64,PHN2ZyB3aWR0aD0iMSIgaGVpZ2h0PSIxIiB4bWxucz0iaHR0cDovL3d3dy53My5vcmcvMjAwMC9zdmciPjwvc3ZnPg==\" style=\"--smush-placeholder-width: 81px; --smush-placeholder-aspect-ratio: 81\/81;\" \/>          <\/picture>\n                    <h3 class=\"c-cards__item-title\">Inova\u00e7\u00e3o<\/h3>\n          <div class=\"c-cards__item-text\"><\/div>\n        <\/div>\n              <div class=\"c-cards__item js-cards-item is-default\">\n          <div class=\"c-cards__item-bg\"><\/div>\n          <picture class=\"c-cards__item-icon-wrapper\">\n            <img decoding=\"async\" width=\"81\" height=\"81\" data-src=\"https:\/\/biomol.es\/wp-content\/uploads\/2025\/02\/Fundacion-Biomol-Dedicacion.png\" class=\"c-cards__item-icon lazyload\" alt=\"\" src=\"data:image\/svg+xml;base64,PHN2ZyB3aWR0aD0iMSIgaGVpZ2h0PSIxIiB4bWxucz0iaHR0cDovL3d3dy53My5vcmcvMjAwMC9zdmciPjwvc3ZnPg==\" style=\"--smush-placeholder-width: 81px; --smush-placeholder-aspect-ratio: 81\/81;\" \/>          <\/picture>\n                    <h3 class=\"c-cards__item-title\">Dedica\u00e7\u00e3o<\/h3>\n          <div class=\"c-cards__item-text\"><\/div>\n        <\/div>\n          <\/div>\n\n    \n  <\/div>\n<\/section>\n\n\n<section\n  id=\"block_a2658d4e168bf637b1589a90b2940418\"\n  class=\"alignfull c-cta js-cta  wp-block-un-blocks-cta\">\n\n  <div class=\"c-cta__wrapper o-container o-container--full\">\n    <div class=\"c-cta__content\">\n      <h3 class=\"c-cta__title\">Se tiver alguma d\u00favida sobre a Funda\u00e7\u00e3o Biomol, fale-nos do seu caso.<\/h3>\n                <\/div>\n          <a target=\"\" href=\"https:\/\/biomol.es\/pt-pt\/contacto-fundacao\/\" class=\"c-button c-button--alt c-cta__button\">\n        <span class=\"c-button__wrapper js-button\">\n          <span class=\"js-button-content\">Contacto <svg xmlns=\"http:\/\/www.w3.org\/2000\/svg\" width=\"18\" height=\"19\" viewBox=\"0 0 18 19\" fill=\"none\" class=\"\">\n<path d=\"M17.8459 9.72634C17.8464 9.80807 17.8433 9.88932 17.8366 9.96991C17.8212 10.1609 17.7865 10.3481 17.7333 10.5291C17.6067 10.9607 17.3753 11.3576 17.0522 11.6879L17.0511 11.689L16.6136 12.1345L16.2312 12.5238L15.0367 13.7399L14.6258 14.1583L13.46 15.3453L13.0203 15.7929L11.8831 16.9508L11.4149 17.4275L10.3064 18.5562H8.03346L8.20406 18.3825L9.61019 16.9508L9.80949 16.7479L11.1869 15.3453L11.4149 15.1133L12.7638 13.7399L13.0203 13.4787L14.3405 12.1345L14.6258 11.844L15.8934 10.5534C15.9012 10.5454 15.909 10.5373 15.9164 10.5291C16.1243 10.3038 16.2263 10.0145 16.2224 9.72634C16.2187 9.43493 16.1068 9.14482 15.8871 8.92363C15.8861 8.92249 15.8851 8.92152 15.884 8.92038L14.6258 7.66215L14.2818 7.3182L13.0203 6.05672L12.6764 5.71277L11.4149 4.45129L11.071 4.10734L9.80949 2.84586L9.46554 2.50191L8.20406 1.24044L7.86011 0.896484H10.1534L11.7589 2.50191L13.0203 3.76323L17.0307 7.77356C17.3571 8.09999 17.5926 8.49389 17.7241 8.92363C17.7823 9.11385 17.8202 9.31104 17.8366 9.51261C17.8423 9.58331 17.8454 9.65466 17.8459 9.72634Z\" fill=\"white\"\/>\n<path d=\"M0.176758 9.72656H17.0347\" stroke=\"white\" stroke-width=\"1.62164\" stroke-miterlimit=\"10\"\/>\n<\/svg><\/span>\n        <\/span>\n      <\/a>\n      <\/div>\n\n  <div class=\"c-cta__marquee\">\n          <div class=\"c-cta__marquee-item\">\n                              <\/div>\n          <div class=\"c-cta__marquee-item\">\n                              <\/div>\n      <\/div>\n<\/section>\n","protected":false},"excerpt":{"rendered":"","protected":false},"author":12,"featured_media":543,"parent":0,"menu_order":0,"comment_status":"closed","ping_status":"closed","template":"","meta":{"_acf_changed":false,"inline_featured_image":false,"footnotes":""},"class_list":["post-1934","page","type-page","status-publish","has-post-thumbnail","hentry"],"acf":[],"yoast_head":"<!-- This site is optimized with the Yoast SEO plugin v26.9 - https:\/\/yoast.com\/product\/yoast-seo-wordpress\/ -->\n<title>Funda\u00e7\u00e3o Biomol - Biomol<\/title>\n<meta name=\"robots\" content=\"index, follow, max-snippet:-1, max-image-preview:large, max-video-preview:-1\" \/>\n<link rel=\"canonical\" href=\"https:\/\/biomol.es\/pt-pt\/fundacao-biomol\/\" \/>\n<meta property=\"og:locale\" content=\"pt_PT\" \/>\n<meta property=\"og:type\" content=\"article\" \/>\n<meta property=\"og:title\" content=\"Funda\u00e7\u00e3o Biomol - Biomol\" \/>\n<meta property=\"og:url\" content=\"https:\/\/biomol.es\/pt-pt\/fundacao-biomol\/\" \/>\n<meta property=\"og:site_name\" content=\"Biomol\" \/>\n<meta property=\"article:modified_time\" content=\"2025-02-20T15:14:45+00:00\" \/>\n<meta name=\"twitter:card\" content=\"summary_large_image\" \/>\n<meta name=\"twitter:site\" content=\"@_Biomol_\" \/>\n<meta name=\"twitter:label1\" content=\"Tempo estimado de leitura\" \/>\n\t<meta name=\"twitter:data1\" content=\"1 minuto\" \/>\n<script type=\"application\/ld+json\" class=\"yoast-schema-graph\">{\"@context\":\"https:\/\/schema.org\",\"@graph\":[{\"@type\":\"WebPage\",\"@id\":\"https:\/\/biomol.es\/pt-pt\/fundacao-biomol\/\",\"url\":\"https:\/\/biomol.es\/pt-pt\/fundacao-biomol\/\",\"name\":\"Funda\u00e7\u00e3o Biomol - Biomol\",\"isPartOf\":{\"@id\":\"https:\/\/biomol.es\/pt-pt\/#website\"},\"primaryImageOfPage\":{\"@id\":\"https:\/\/biomol.es\/pt-pt\/fundacao-biomol\/#primaryimage\"},\"image\":{\"@id\":\"https:\/\/biomol.es\/pt-pt\/fundacao-biomol\/#primaryimage\"},\"thumbnailUrl\":\"https:\/\/biomol.es\/wp-content\/uploads\/2024\/11\/Ilustracion-Proyecto-Biomol.svg\",\"datePublished\":\"2025-02-18T16:02:28+00:00\",\"dateModified\":\"2025-02-20T15:14:45+00:00\",\"breadcrumb\":{\"@id\":\"https:\/\/biomol.es\/pt-pt\/fundacao-biomol\/#breadcrumb\"},\"inLanguage\":\"pt-PT\",\"potentialAction\":[{\"@type\":\"ReadAction\",\"target\":[\"https:\/\/biomol.es\/pt-pt\/fundacao-biomol\/\"]}]},{\"@type\":\"ImageObject\",\"inLanguage\":\"pt-PT\",\"@id\":\"https:\/\/biomol.es\/pt-pt\/fundacao-biomol\/#primaryimage\",\"url\":\"https:\/\/biomol.es\/wp-content\/uploads\/2024\/11\/Ilustracion-Proyecto-Biomol.svg\",\"contentUrl\":\"https:\/\/biomol.es\/wp-content\/uploads\/2024\/11\/Ilustracion-Proyecto-Biomol.svg\",\"width\":782,\"height\":805},{\"@type\":\"BreadcrumbList\",\"@id\":\"https:\/\/biomol.es\/pt-pt\/fundacao-biomol\/#breadcrumb\",\"itemListElement\":[{\"@type\":\"ListItem\",\"position\":1,\"name\":\"Portada\",\"item\":\"https:\/\/biomol.es\/pt-pt\/\"},{\"@type\":\"ListItem\",\"position\":2,\"name\":\"Funda\u00e7\u00e3o Biomol\"}]},{\"@type\":\"WebSite\",\"@id\":\"https:\/\/biomol.es\/pt-pt\/#website\",\"url\":\"https:\/\/biomol.es\/pt-pt\/\",\"name\":\"Biomol\",\"description\":\"\",\"publisher\":{\"@id\":\"https:\/\/biomol.es\/pt-pt\/#organization\"},\"potentialAction\":[{\"@type\":\"SearchAction\",\"target\":{\"@type\":\"EntryPoint\",\"urlTemplate\":\"https:\/\/biomol.es\/pt-pt\/?s={search_term_string}\"},\"query-input\":{\"@type\":\"PropertyValueSpecification\",\"valueRequired\":true,\"valueName\":\"search_term_string\"}}],\"inLanguage\":\"pt-PT\"},{\"@type\":\"Organization\",\"@id\":\"https:\/\/biomol.es\/pt-pt\/#organization\",\"name\":\"Biomol\",\"url\":\"https:\/\/biomol.es\/pt-pt\/\",\"logo\":{\"@type\":\"ImageObject\",\"inLanguage\":\"pt-PT\",\"@id\":\"https:\/\/biomol.es\/pt-pt\/#\/schema\/logo\/image\/\",\"url\":\"https:\/\/biomol.es\/wp-content\/uploads\/2024\/07\/Logotipo.png\",\"contentUrl\":\"https:\/\/biomol.es\/wp-content\/uploads\/2024\/07\/Logotipo.png\",\"width\":738,\"height\":270,\"caption\":\"Biomol\"},\"image\":{\"@id\":\"https:\/\/biomol.es\/pt-pt\/#\/schema\/logo\/image\/\"},\"sameAs\":[\"https:\/\/x.com\/_Biomol_\",\"https:\/\/www.linkedin.com\/company\/biomol-sl\/\"]}]}<\/script>\n<!-- \/ Yoast SEO plugin. -->","yoast_head_json":{"title":"Funda\u00e7\u00e3o Biomol - Biomol","robots":{"index":"index","follow":"follow","max-snippet":"max-snippet:-1","max-image-preview":"max-image-preview:large","max-video-preview":"max-video-preview:-1"},"canonical":"https:\/\/biomol.es\/pt-pt\/fundacao-biomol\/","og_locale":"pt_PT","og_type":"article","og_title":"Funda\u00e7\u00e3o Biomol - Biomol","og_url":"https:\/\/biomol.es\/pt-pt\/fundacao-biomol\/","og_site_name":"Biomol","article_modified_time":"2025-02-20T15:14:45+00:00","twitter_card":"summary_large_image","twitter_site":"@_Biomol_","twitter_misc":{"Tempo estimado de leitura":"1 minuto"},"schema":{"@context":"https:\/\/schema.org","@graph":[{"@type":"WebPage","@id":"https:\/\/biomol.es\/pt-pt\/fundacao-biomol\/","url":"https:\/\/biomol.es\/pt-pt\/fundacao-biomol\/","name":"Funda\u00e7\u00e3o Biomol - Biomol","isPartOf":{"@id":"https:\/\/biomol.es\/pt-pt\/#website"},"primaryImageOfPage":{"@id":"https:\/\/biomol.es\/pt-pt\/fundacao-biomol\/#primaryimage"},"image":{"@id":"https:\/\/biomol.es\/pt-pt\/fundacao-biomol\/#primaryimage"},"thumbnailUrl":"https:\/\/biomol.es\/wp-content\/uploads\/2024\/11\/Ilustracion-Proyecto-Biomol.svg","datePublished":"2025-02-18T16:02:28+00:00","dateModified":"2025-02-20T15:14:45+00:00","breadcrumb":{"@id":"https:\/\/biomol.es\/pt-pt\/fundacao-biomol\/#breadcrumb"},"inLanguage":"pt-PT","potentialAction":[{"@type":"ReadAction","target":["https:\/\/biomol.es\/pt-pt\/fundacao-biomol\/"]}]},{"@type":"ImageObject","inLanguage":"pt-PT","@id":"https:\/\/biomol.es\/pt-pt\/fundacao-biomol\/#primaryimage","url":"https:\/\/biomol.es\/wp-content\/uploads\/2024\/11\/Ilustracion-Proyecto-Biomol.svg","contentUrl":"https:\/\/biomol.es\/wp-content\/uploads\/2024\/11\/Ilustracion-Proyecto-Biomol.svg","width":782,"height":805},{"@type":"BreadcrumbList","@id":"https:\/\/biomol.es\/pt-pt\/fundacao-biomol\/#breadcrumb","itemListElement":[{"@type":"ListItem","position":1,"name":"Portada","item":"https:\/\/biomol.es\/pt-pt\/"},{"@type":"ListItem","position":2,"name":"Funda\u00e7\u00e3o Biomol"}]},{"@type":"WebSite","@id":"https:\/\/biomol.es\/pt-pt\/#website","url":"https:\/\/biomol.es\/pt-pt\/","name":"Biomol","description":"","publisher":{"@id":"https:\/\/biomol.es\/pt-pt\/#organization"},"potentialAction":[{"@type":"SearchAction","target":{"@type":"EntryPoint","urlTemplate":"https:\/\/biomol.es\/pt-pt\/?s={search_term_string}"},"query-input":{"@type":"PropertyValueSpecification","valueRequired":true,"valueName":"search_term_string"}}],"inLanguage":"pt-PT"},{"@type":"Organization","@id":"https:\/\/biomol.es\/pt-pt\/#organization","name":"Biomol","url":"https:\/\/biomol.es\/pt-pt\/","logo":{"@type":"ImageObject","inLanguage":"pt-PT","@id":"https:\/\/biomol.es\/pt-pt\/#\/schema\/logo\/image\/","url":"https:\/\/biomol.es\/wp-content\/uploads\/2024\/07\/Logotipo.png","contentUrl":"https:\/\/biomol.es\/wp-content\/uploads\/2024\/07\/Logotipo.png","width":738,"height":270,"caption":"Biomol"},"image":{"@id":"https:\/\/biomol.es\/pt-pt\/#\/schema\/logo\/image\/"},"sameAs":["https:\/\/x.com\/_Biomol_","https:\/\/www.linkedin.com\/company\/biomol-sl\/"]}]}},"_links":{"self":[{"href":"https:\/\/biomol.es\/pt-pt\/wp-json\/wp\/v2\/pages\/1934","targetHints":{"allow":["GET"]}}],"collection":[{"href":"https:\/\/biomol.es\/pt-pt\/wp-json\/wp\/v2\/pages"}],"about":[{"href":"https:\/\/biomol.es\/pt-pt\/wp-json\/wp\/v2\/types\/page"}],"author":[{"embeddable":true,"href":"https:\/\/biomol.es\/pt-pt\/wp-json\/wp\/v2\/users\/12"}],"replies":[{"embeddable":true,"href":"https:\/\/biomol.es\/pt-pt\/wp-json\/wp\/v2\/comments?post=1934"}],"version-history":[{"count":4,"href":"https:\/\/biomol.es\/pt-pt\/wp-json\/wp\/v2\/pages\/1934\/revisions"}],"predecessor-version":[{"id":1967,"href":"https:\/\/biomol.es\/pt-pt\/wp-json\/wp\/v2\/pages\/1934\/revisions\/1967"}],"wp:featuredmedia":[{"embeddable":true,"href":"https:\/\/biomol.es\/pt-pt\/wp-json\/wp\/v2\/media\/543"}],"wp:attachment":[{"href":"https:\/\/biomol.es\/pt-pt\/wp-json\/wp\/v2\/media?parent=1934"}],"curies":[{"name":"wp","href":"https:\/\/api.w.org\/{rel}","templated":true}]}}